{"id":2,"date":"2023-11-01T15:52:51","date_gmt":"2023-11-01T15:52:51","guid":{"rendered":"https:\/\/fightfentanyldc.com\/?page_id=2"},"modified":"2023-12-13T16:07:27","modified_gmt":"2023-12-13T16:07:27","slug":"home","status":"publish","type":"page","link":"https:\/\/fightfentanyldc.com\/es\/","title":{"rendered":"Home"},"content":{"rendered":"<section class=\"wp-block-section has--background-color\">\n  <div class=\"container py-8 lg:py-16\">\n    \n\n<div class=\"wp-block-group ghostkit-custom-Z2kx73R is-layout-constrained wp-block-group-is-layout-constrained\">\n<h1 class=\"wp-block-heading\" id=\"what-is-fentanyl-and-why-are-people-dying-1\">\u00bfQu\u00e9 es <mark style=\"background-color:rgba(0, 0, 0, 0)\" class=\"has-inline-color has-blue-color\">el fentanilo<\/mark> y <mark style=\"background-color:rgba(0, 0, 0, 0)\" class=\"has-inline-color has-pink-color\">por qu\u00e9 se est\u00e1 muriendo la gente?<\/mark><\/h1>\n<\/div>\n\n\n\n<div class=\"ghostkit-grid ghostkit-grid-gap-lg ghostkit-grid-justify-content-between\"><div class=\"ghostkit-grid-inner\">\n<div class=\"ghostkit-col ghostkit-col-md-12 ghostkit-col-xl-6 ghostkit-col-6\"><div class=\"ghostkit-col-content is-layout-flow wp-block-ghostkit-grid-column-is-layout-flow\">\n<p>El fentanilo es una potente y barata droga y est\u00e1 matando gente. Se vende en las escuelas, en l\u00ednea y en la calle. La gente se muere porque el fentanilo frecuentemente se parece a las pastillas recetadas para combatir el dolor o la ansiedad como la oxicodona, Xanax, Adderall o Percocet\u2014y los que fabrican drogas ilegalmente en el mercado negro lo est\u00e1n combinando sin cuidado alguno con las drogas para hacerte adicto. <strong>Lo que hace que el fentanilo sea tan peligroso es que tan solo una peque\u00f1a cantidad a\u00f1adida a una pastilla puede ser letal, y a veces la gente muere a causa de esto solo minutos despu\u00e9s de haberla ingerido.<\/strong><\/p>\n\n\n\n<h2 class=\"wp-block-heading is-style-h4\" id=\"more-than-42-of-all-pills-laced-with-fentanyl-contain-a-lethal-dose\">M\u00e1s del 42% de las pastillas que contienen fentanilo contienen una dosis letal.<\/h2>\n\n\n\n<p>Por esto es importante solo tomar pastillas que han sido recetadas y proporcionadas por una farmacia. De no ser as\u00ed, nunca sabr\u00e1s cu\u00e1les drogas podr\u00edan contener fentanilo hasta que sea demasiado tarde\u2014y cuando haya consecuencias mortales.<\/p>\n<\/div><\/div>\n\n\n\n<div class=\"ghostkit-col ghostkit-col-md-12 ghostkit-col-xl-6 ghostkit-col-6\"><div class=\"ghostkit-col-content is-layout-flow wp-block-ghostkit-grid-column-is-layout-flow\">\n\n\n<\/p>\n\n\n\n<div class=\"ghostkit-video ghostkit-custom-Z10BMP6\" data-video-type=\"yt_vm_video\" data-video=\"https:\/\/youtu.be\/SbgiwsSpKhc\" data-video-aspect-ratio=\"16:9\" data-video-volume=\"100\" data-click-action=\"plain\"><div class=\"ghostkit-video-poster\"><img decoding=\"async\" data-src=\"https:\/\/fightfentanyldc.com\/wp-content\/uploads\/2023\/11\/poster-video.jpg\" alt=\"\" class=\"wp-image-96 lazyload\" width=\"1516\" height=\"846\" data-srcset=\"https:\/\/fightfentanyldc.com\/wp-content\/uploads\/2023\/11\/poster-video.jpg 1516w, https:\/\/fightfentanyldc.com\/wp-content\/uploads\/2023\/11\/poster-video-300x167.jpg 300w, https:\/\/fightfentanyldc.com\/wp-content\/uploads\/2023\/11\/poster-video-1024x571.jpg 1024w, https:\/\/fightfentanyldc.com\/wp-content\/uploads\/2023\/11\/poster-video-768x429.jpg 768w, https:\/\/fightfentanyldc.com\/wp-content\/uploads\/2023\/11\/poster-video-18x10.jpg 18w\" data-sizes=\"(max-width: 1516px) 100vw, 1516px\" src=\"data:image\/svg+xml;base64,PHN2ZyB3aWR0aD0iMSIgaGVpZ2h0PSIxIiB4bWxucz0iaHR0cDovL3d3dy53My5vcmcvMjAwMC9zdmciPjwvc3ZnPg==\" style=\"--smush-placeholder-width: 1516px; --smush-placeholder-aspect-ratio: 1516\/846;\" \/><\/div><div class=\"ghostkit-video-play-icon\"><svg class=\"ghostkit-svg-icon\" width=\"24\" height=\"24\" viewbox=\"0 0 24 24\" fill=\"none\" xmlns=\"http:\/\/www.w3.org\/2000\/svg\"><path d=\"M5 4.83167C5 4.0405 5.87525 3.56266 6.54076 3.99049L17.6915 11.1588C18.3038 11.5525 18.3038 12.4475 17.6915 12.8412L6.54076 20.0095C5.87525 20.4373 5 19.9595 5 19.1683V4.83167Z\" fill=\"currentColor\" stroke=\"currentColor\" stroke-width=\"1.5\" stroke-linecap=\"round\" stroke-linejoin=\"round\"\/><\/svg><\/div><div class=\"ghostkit-video-loading-icon\"><span class=\"ghostkit-svg-icon ghostkit-icon-spinner\"><\/span><\/div><\/div>\n\n\n<p>\n<\/div><\/div>\n<\/div><\/div>\n\n\n  <\/div>\n<\/section>","protected":false},"excerpt":{"rendered":"","protected":false},"author":1,"featured_media":0,"parent":0,"menu_order":0,"comment_status":"closed","ping_status":"closed","template":"","meta":{"_acf_changed":false,"ghostkit_customizer_options":"","ghostkit_custom_css":"","ghostkit_custom_js_head":"","ghostkit_custom_js_foot":"","ghostkit_typography":"","footnotes":""},"class_list":["post-2","page","type-page","status-publish","hentry"],"acf":[],"yoast_head":"<!-- This site is optimized with the Yoast SEO plugin v27.4 - https:\/\/yoast.com\/product\/yoast-seo-wordpress\/ -->\n<title>Home - Dallas County Health and Human Services<\/title>\n<meta name=\"description\" content=\"Combat fentanyl overdoses in Texas with DCHHS: Identify risks, get naloxone, and access recovery resources. Save lives today.\" \/>\n<meta name=\"robots\" content=\"index, follow, max-snippet:-1, max-image-preview:large, max-video-preview:-1\" \/>\n<link rel=\"canonical\" href=\"https:\/\/fightfentanyldc.com\/es\/\" \/>\n<meta property=\"og:locale\" content=\"es_ES\" \/>\n<meta property=\"og:type\" content=\"article\" \/>\n<meta property=\"og:title\" content=\"Home - Dallas County Health and Human Services\" \/>\n<meta property=\"og:description\" content=\"Combat fentanyl overdoses in Texas with DCHHS: Identify risks, get naloxone, and access recovery resources. Save lives today.\" \/>\n<meta property=\"og:url\" content=\"https:\/\/fightfentanyldc.com\/es\/\" \/>\n<meta property=\"og:site_name\" content=\"Dallas County Health and Human Services\" \/>\n<meta property=\"article:modified_time\" content=\"2023-12-13T16:07:27+00:00\" \/>\n<meta property=\"og:image\" content=\"https:\/\/fightfentanyldc.com\/wp-content\/uploads\/2023\/11\/poster-video.jpg\" \/>\n<meta name=\"twitter:card\" content=\"summary_large_image\" \/>\n<meta name=\"twitter:label1\" content=\"Est. reading time\" \/>\n\t<meta name=\"twitter:data1\" content=\"2 minutes\" \/>\n<script type=\"application\/ld+json\" class=\"yoast-schema-graph\">{\"@context\":\"https:\\\/\\\/schema.org\",\"@graph\":[{\"@type\":\"WebPage\",\"@id\":\"https:\\\/\\\/fightfentanyldc.com\\\/\",\"url\":\"https:\\\/\\\/fightfentanyldc.com\\\/\",\"name\":\"Home - Dallas County Health and Human Services\",\"isPartOf\":{\"@id\":\"https:\\\/\\\/fightfentanyldc.com\\\/#website\"},\"primaryImageOfPage\":{\"@id\":\"https:\\\/\\\/fightfentanyldc.com\\\/#primaryimage\"},\"image\":{\"@id\":\"https:\\\/\\\/fightfentanyldc.com\\\/#primaryimage\"},\"thumbnailUrl\":\"https:\\\/\\\/fightfentanyldc.com\\\/wp-content\\\/uploads\\\/2023\\\/11\\\/poster-video.jpg\",\"datePublished\":\"2023-11-01T15:52:51+00:00\",\"dateModified\":\"2023-12-13T16:07:27+00:00\",\"description\":\"Combat fentanyl overdoses in Texas with DCHHS: Identify risks, get naloxone, and access recovery resources. Save lives today.\",\"breadcrumb\":{\"@id\":\"https:\\\/\\\/fightfentanyldc.com\\\/#breadcrumb\"},\"inLanguage\":\"es-ES\",\"potentialAction\":[{\"@type\":\"ReadAction\",\"target\":[\"https:\\\/\\\/fightfentanyldc.com\\\/\"]}]},{\"@type\":\"ImageObject\",\"inLanguage\":\"es-ES\",\"@id\":\"https:\\\/\\\/fightfentanyldc.com\\\/#primaryimage\",\"url\":\"https:\\\/\\\/fightfentanyldc.com\\\/wp-content\\\/uploads\\\/2023\\\/11\\\/poster-video.jpg\",\"contentUrl\":\"https:\\\/\\\/fightfentanyldc.com\\\/wp-content\\\/uploads\\\/2023\\\/11\\\/poster-video.jpg\"},{\"@type\":\"BreadcrumbList\",\"@id\":\"https:\\\/\\\/fightfentanyldc.com\\\/#breadcrumb\",\"itemListElement\":[{\"@type\":\"ListItem\",\"position\":1,\"name\":\"Home\",\"item\":\"https:\\\/\\\/fightfentanyldc.com\\\/\"},{\"@type\":\"ListItem\",\"position\":2,\"name\":\"Home\"}]},{\"@type\":\"WebSite\",\"@id\":\"https:\\\/\\\/fightfentanyldc.com\\\/#website\",\"url\":\"https:\\\/\\\/fightfentanyldc.com\\\/\",\"name\":\"Dallas County Health and Human Services\",\"description\":\"\",\"publisher\":{\"@id\":\"https:\\\/\\\/fightfentanyldc.com\\\/#organization\"},\"potentialAction\":[{\"@type\":\"SearchAction\",\"target\":{\"@type\":\"EntryPoint\",\"urlTemplate\":\"https:\\\/\\\/fightfentanyldc.com\\\/?s={search_term_string}\"},\"query-input\":{\"@type\":\"PropertyValueSpecification\",\"valueRequired\":true,\"valueName\":\"search_term_string\"}}],\"inLanguage\":\"es-ES\"},{\"@type\":\"Organization\",\"@id\":\"https:\\\/\\\/fightfentanyldc.com\\\/#organization\",\"name\":\"Dallas County Health and Human Services\",\"url\":\"https:\\\/\\\/fightfentanyldc.com\\\/\",\"logo\":{\"@type\":\"ImageObject\",\"inLanguage\":\"es-ES\",\"@id\":\"https:\\\/\\\/fightfentanyldc.com\\\/#\\\/schema\\\/logo\\\/image\\\/\",\"url\":\"https:\\\/\\\/fightfentanyldc.com\\\/wp-content\\\/uploads\\\/2023\\\/11\\\/logo-dchhs.png\",\"contentUrl\":\"https:\\\/\\\/fightfentanyldc.com\\\/wp-content\\\/uploads\\\/2023\\\/11\\\/logo-dchhs.png\",\"width\":1288,\"height\":416,\"caption\":\"Dallas County Health and Human Services\"},\"image\":{\"@id\":\"https:\\\/\\\/fightfentanyldc.com\\\/#\\\/schema\\\/logo\\\/image\\\/\"}}]}<\/script>\n<!-- \/ Yoast SEO plugin. -->","yoast_head_json":{"title":"Home - Dallas County Health and Human Services","description":"Combat fentanyl overdoses in Texas with DCHHS: Identify risks, get naloxone, and access recovery resources. Save lives today.","robots":{"index":"index","follow":"follow","max-snippet":"max-snippet:-1","max-image-preview":"max-image-preview:large","max-video-preview":"max-video-preview:-1"},"canonical":"https:\/\/fightfentanyldc.com\/es\/","og_locale":"es_ES","og_type":"article","og_title":"Home - Dallas County Health and Human Services","og_description":"Combat fentanyl overdoses in Texas with DCHHS: Identify risks, get naloxone, and access recovery resources. Save lives today.","og_url":"https:\/\/fightfentanyldc.com\/es\/","og_site_name":"Dallas County Health and Human Services","article_modified_time":"2023-12-13T16:07:27+00:00","og_image":[{"url":"https:\/\/fightfentanyldc.com\/wp-content\/uploads\/2023\/11\/poster-video.jpg","type":"","width":"","height":""}],"twitter_card":"summary_large_image","twitter_misc":{"Est. reading time":"2 minutes"},"schema":{"@context":"https:\/\/schema.org","@graph":[{"@type":"WebPage","@id":"https:\/\/fightfentanyldc.com\/","url":"https:\/\/fightfentanyldc.com\/","name":"Home - Dallas County Health and Human Services","isPartOf":{"@id":"https:\/\/fightfentanyldc.com\/#website"},"primaryImageOfPage":{"@id":"https:\/\/fightfentanyldc.com\/#primaryimage"},"image":{"@id":"https:\/\/fightfentanyldc.com\/#primaryimage"},"thumbnailUrl":"https:\/\/fightfentanyldc.com\/wp-content\/uploads\/2023\/11\/poster-video.jpg","datePublished":"2023-11-01T15:52:51+00:00","dateModified":"2023-12-13T16:07:27+00:00","description":"Combat fentanyl overdoses in Texas with DCHHS: Identify risks, get naloxone, and access recovery resources. Save lives today.","breadcrumb":{"@id":"https:\/\/fightfentanyldc.com\/#breadcrumb"},"inLanguage":"es-ES","potentialAction":[{"@type":"ReadAction","target":["https:\/\/fightfentanyldc.com\/"]}]},{"@type":"ImageObject","inLanguage":"es-ES","@id":"https:\/\/fightfentanyldc.com\/#primaryimage","url":"https:\/\/fightfentanyldc.com\/wp-content\/uploads\/2023\/11\/poster-video.jpg","contentUrl":"https:\/\/fightfentanyldc.com\/wp-content\/uploads\/2023\/11\/poster-video.jpg"},{"@type":"BreadcrumbList","@id":"https:\/\/fightfentanyldc.com\/#breadcrumb","itemListElement":[{"@type":"ListItem","position":1,"name":"Home","item":"https:\/\/fightfentanyldc.com\/"},{"@type":"ListItem","position":2,"name":"Home"}]},{"@type":"WebSite","@id":"https:\/\/fightfentanyldc.com\/#website","url":"https:\/\/fightfentanyldc.com\/","name":"Dallas County Health and Human Services","description":"","publisher":{"@id":"https:\/\/fightfentanyldc.com\/#organization"},"potentialAction":[{"@type":"SearchAction","target":{"@type":"EntryPoint","urlTemplate":"https:\/\/fightfentanyldc.com\/?s={search_term_string}"},"query-input":{"@type":"PropertyValueSpecification","valueRequired":true,"valueName":"search_term_string"}}],"inLanguage":"es-ES"},{"@type":"Organization","@id":"https:\/\/fightfentanyldc.com\/#organization","name":"Dallas County Health and Human Services","url":"https:\/\/fightfentanyldc.com\/","logo":{"@type":"ImageObject","inLanguage":"es-ES","@id":"https:\/\/fightfentanyldc.com\/#\/schema\/logo\/image\/","url":"https:\/\/fightfentanyldc.com\/wp-content\/uploads\/2023\/11\/logo-dchhs.png","contentUrl":"https:\/\/fightfentanyldc.com\/wp-content\/uploads\/2023\/11\/logo-dchhs.png","width":1288,"height":416,"caption":"Dallas County Health and Human Services"},"image":{"@id":"https:\/\/fightfentanyldc.com\/#\/schema\/logo\/image\/"}}]}},"_links":{"self":[{"href":"https:\/\/fightfentanyldc.com\/es\/wp-json\/wp\/v2\/pages\/2","targetHints":{"allow":["GET"]}}],"collection":[{"href":"https:\/\/fightfentanyldc.com\/es\/wp-json\/wp\/v2\/pages"}],"about":[{"href":"https:\/\/fightfentanyldc.com\/es\/wp-json\/wp\/v2\/types\/page"}],"author":[{"embeddable":true,"href":"https:\/\/fightfentanyldc.com\/es\/wp-json\/wp\/v2\/users\/1"}],"replies":[{"embeddable":true,"href":"https:\/\/fightfentanyldc.com\/es\/wp-json\/wp\/v2\/comments?post=2"}],"version-history":[{"count":44,"href":"https:\/\/fightfentanyldc.com\/es\/wp-json\/wp\/v2\/pages\/2\/revisions"}],"predecessor-version":[{"id":394,"href":"https:\/\/fightfentanyldc.com\/es\/wp-json\/wp\/v2\/pages\/2\/revisions\/394"}],"wp:attachment":[{"href":"https:\/\/fightfentanyldc.com\/es\/wp-json\/wp\/v2\/media?parent=2"}],"curies":[{"name":"wp","href":"https:\/\/api.w.org\/{rel}","templated":true}]}}